{"id":124,"date":"2020-04-27T08:54:44","date_gmt":"2020-04-27T06:54:44","guid":{"rendered":"http:\/\/mwagcjp.cluster029.hosting.ovh.net\/?page_id=124"},"modified":"2025-08-31T16:42:38","modified_gmt":"2025-08-31T14:42:38","slug":"tarifs","status":"publish","type":"page","link":"https:\/\/rlm-roller.fr\/index.php\/tarifs\/","title":{"rendered":"Tarifs"},"content":{"rendered":"\n<h2 class=\"wp-block-heading has-text-align-center has-medium-font-size\"><strong><mark style=\"background-color:rgba(0, 0, 0, 0)\" class=\"has-inline-color has-black-color\">Saison sportive du 1er septembre 2025 au 31 ao\u00fbt <\/mark><\/strong>2026<\/h2>\n\n\n\n<h4 class=\"wp-block-heading\"><mark style=\"background-color:rgba(0, 0, 0, 0)\" class=\"has-inline-color has-luminous-vivid-orange-color\"><strong>Cotisation normale<\/strong><\/mark><\/h4>\n\n\n\n<ul class=\"wp-block-list\">\n<li><strong>Enfants de 12 ans et moins (n\u00e9s en 2014 et apr\u00e8s)<\/strong> : 60\u20ac\/an (t-shirt du club inclus)<\/li>\n\n\n\n<li>Enfants de 13 ans et plus (n\u00e9 en 2013 et avant) : 70\u20ac, t-shirt du club en option \u00e0 10 euros (tailles enfants), \u00e0 15 euros  (tailles \u00e0 partir du S)<\/li>\n\n\n\n<li><strong>Adultes <\/strong>: 70\u20ac\/an, t-shirt du club en option au prix de 15 euros. <\/li>\n<\/ul>\n\n\n\n<h4 class=\"wp-block-heading\"><mark style=\"background-color:rgba(0, 0, 0, 0)\" class=\"has-inline-color has-luminous-vivid-orange-color\"><strong>R\u00e9ductions<\/strong> <\/mark><\/h4>\n\n\n\n<p><\/p>\n\n\n\n<ul class=\"wp-block-list\">\n<li><strong> R\u00e9duction \u00ab\u00a0Licenci\u00e9 d&rsquo;un autre club\u00a0\u00bb<\/strong> : pour les adh\u00e9rents qui ont d\u00e9j\u00e0 pris leur licence FFRS pour la nouvelle saison, seuls ou&nbsp;aupr\u00e8s d&rsquo;un autre club :\n<ul class=\"wp-block-list\">\n<li>Adultes et enfants de 12 ans et plus&nbsp;: 50\u20ac\/an (t-shirt en option \u00e0 15 euros)<\/li>\n\n\n\n<li>Enfants de 11&nbsp;ans et moins : 35\u20ac\/an (t-shirt en option \u00e0 10 euros)<\/li>\n<\/ul>\n<\/li>\n<\/ul>\n\n\n\n<p><\/p>\n\n\n\n<h4 class=\"wp-block-heading\"><mark style=\"background-color:rgba(0, 0, 0, 0)\" class=\"has-inline-color has-luminous-vivid-orange-color\"><strong>Modes de paiement<\/strong><\/mark><\/h4>\n\n\n\n<ul class=\"wp-block-list\">\n<li>Les paiements se font en ligne via l&rsquo;inscription helloasso<\/li>\n<\/ul>\n\n\n\n<h4 class=\"wp-block-heading\"><mark style=\"background-color:rgba(0, 0, 0, 0)\" class=\"has-inline-color has-luminous-vivid-orange-color\"><strong>A quoi sert la cotisation ?<\/strong><\/mark><\/h4>\n\n\n\n<p>La cotisation comprend&nbsp; : <\/p>\n\n\n\n<ul class=\"wp-block-list\">\n<li>L&rsquo;adh\u00e9sion au club ROLLER LATTES MONTPELLIER qui permet de&nbsp;participer \u00e0 toutes les activit\u00e9s qu&rsquo;il organise<\/li>\n\n\n\n<li>La&nbsp;licence d\u00e9livr\u00e9e par la&nbsp;F\u00e9d\u00e9ration Fran\u00e7aise de Roller et Skateborad <\/li>\n\n\n\n<li>Les assurances de base, communes \u00e0 tous les licenci\u00e9s FFRS (Assurance responsabilit\u00e9 civile et Garanties \u00ab\u00a0individuelle accident\u00a0\u00bb et \u00ab\u00a0assistance\u00a0\u00bb)<\/li>\n<\/ul>\n\n\n\n<div class=\"wp-block-group\"><div class=\"wp-block-group__inner-container is-layout-flow wp-block-group-is-layout-flow\">\n<div class=\"wp-block-group\"><div class=\"wp-block-group__inner-container is-layout-flow wp-block-group-is-layout-flow\">\n<div class=\"wp-block-group\"><div class=\"wp-block-group__inner-container is-layout-flow wp-block-group-is-layout-flow\">\n<div class=\"wp-block-group\"><div class=\"wp-block-group__inner-container is-layout-flow wp-block-group-is-layout-flow\">\n<div class=\"wp-block-group\"><div class=\"wp-block-group__inner-container is-layout-flow wp-block-group-is-layout-flow\">\n<div class=\"wp-block-group\"><div class=\"wp-block-group__inner-container is-layout-flow wp-block-group-is-layout-flow\">\n<div class=\"wp-block-group\"><div class=\"wp-block-group__inner-container is-layout-flow wp-block-group-is-layout-flow\">\n<p><em>Les frais\u00a0factur\u00e9s par\u00a0la FFRS repr\u00e9sentent une part tr\u00e8s importante de la cotisation (47.83\u20ac   pour les 13 ans et plus ; 26.03\u20ac   pour les 6-12 ans). Le reliquat sert \u00e0 financier le fonctionnement du club (assurances, communication, formation\/d\u00e9fraiement des initiateurs b\u00e9n\u00e9voles, achat du\u00a0mat\u00e9riel p\u00e9dagogique, tenues&#8230;.) et\u00a0apporter aux adh\u00e9rents une aide financi\u00e8re\u00a0pour leur participation\u00a0aux courses, au voyage annuel sans compter les frais de bouches et petits cadeaux offerts lors des journ\u00e9es sp\u00e9ciales. <\/em><\/p>\n<\/div><\/div>\n<\/div><\/div>\n<\/div><\/div>\n<\/div><\/div>\n\n\n\n<p><em>Pour toutes questions sur les adh\u00e9sions, contactez-nous.<\/em><\/p>\n<\/div><\/div>\n<\/div><\/div>\n<\/div><\/div>\n\n\n\n<p><\/p>\n","protected":false},"excerpt":{"rendered":"<p>Saison sportive du 1er septembre 2025 au 31 ao\u00fbt 2026 Cotisation normale R\u00e9ductions Modes de paiement A quoi sert la cotisation ? La cotisation comprend&nbsp; : Les frais\u00a0factur\u00e9s par\u00a0la FFRS repr\u00e9sentent une part tr\u00e8s importante de la cotisation (47.83\u20ac pour les 13 ans et plus ; 26.03\u20ac pour les 6-12 ans). Le reliquat sert \u00e0 [&hellip;]<\/p>\n","protected":false},"author":1,"featured_media":0,"parent":0,"menu_order":0,"comment_status":"closed","ping_status":"closed","template":"","meta":{"footnotes":""},"class_list":["post-124","page","type-page","status-publish","hentry"],"yoast_head":"<!-- This site is optimized with the Yoast SEO plugin v24.3 - https:\/\/yoast.com\/wordpress\/plugins\/seo\/ -->\n<title>Tarifs - Roller Lattes Montpellier<\/title>\n<meta name=\"robots\" content=\"index, follow, max-snippet:-1, max-image-preview:large, max-video-preview:-1\" \/>\n<link rel=\"canonical\" href=\"https:\/\/rlm-roller.fr\/index.php\/tarifs\/\" \/>\n<meta property=\"og:locale\" content=\"fr_FR\" \/>\n<meta property=\"og:type\" content=\"article\" \/>\n<meta property=\"og:title\" content=\"Tarifs - Roller Lattes Montpellier\" \/>\n<meta property=\"og:description\" content=\"Saison sportive du 1er septembre 2025 au 31 ao\u00fbt 2026 Cotisation normale R\u00e9ductions Modes de paiement A quoi sert la cotisation ? La cotisation comprend&nbsp; : Les frais\u00a0factur\u00e9s par\u00a0la FFRS repr\u00e9sentent une part tr\u00e8s importante de la cotisation (47.83\u20ac pour les 13 ans et plus ; 26.03\u20ac pour les 6-12 ans). Le reliquat sert \u00e0 [&hellip;]\" \/>\n<meta property=\"og:url\" content=\"https:\/\/rlm-roller.fr\/index.php\/tarifs\/\" \/>\n<meta property=\"og:site_name\" content=\"Roller Lattes Montpellier\" \/>\n<meta property=\"article:publisher\" content=\"https:\/\/www.facebook.com\/Roller-Lattes-Montpellier-Montpellier-Inline-518973251774328\" \/>\n<meta property=\"article:modified_time\" content=\"2025-08-31T14:42:38+00:00\" \/>\n<meta name=\"twitter:card\" content=\"summary_large_image\" \/>\n<meta name=\"twitter:label1\" content=\"Dur\u00e9e de lecture estim\u00e9e\" \/>\n\t<meta name=\"twitter:data1\" content=\"2 minutes\" \/>\n<script type=\"application\/ld+json\" class=\"yoast-schema-graph\">{\"@context\":\"https:\/\/schema.org\",\"@graph\":[{\"@type\":\"WebPage\",\"@id\":\"https:\/\/rlm-roller.fr\/index.php\/tarifs\/\",\"url\":\"https:\/\/rlm-roller.fr\/index.php\/tarifs\/\",\"name\":\"Tarifs - Roller Lattes Montpellier\",\"isPartOf\":{\"@id\":\"https:\/\/rlm-roller.fr\/#website\"},\"datePublished\":\"2020-04-27T06:54:44+00:00\",\"dateModified\":\"2025-08-31T14:42:38+00:00\",\"breadcrumb\":{\"@id\":\"https:\/\/rlm-roller.fr\/index.php\/tarifs\/#breadcrumb\"},\"inLanguage\":\"fr-FR\",\"potentialAction\":[{\"@type\":\"ReadAction\",\"target\":[\"https:\/\/rlm-roller.fr\/index.php\/tarifs\/\"]}]},{\"@type\":\"BreadcrumbList\",\"@id\":\"https:\/\/rlm-roller.fr\/index.php\/tarifs\/#breadcrumb\",\"itemListElement\":[{\"@type\":\"ListItem\",\"position\":1,\"name\":\"Accueil\",\"item\":\"https:\/\/rlm-roller.fr\/\"},{\"@type\":\"ListItem\",\"position\":2,\"name\":\"Tarifs\"}]},{\"@type\":\"WebSite\",\"@id\":\"https:\/\/rlm-roller.fr\/#website\",\"url\":\"https:\/\/rlm-roller.fr\/\",\"name\":\"Roller Lattes Montpellier\",\"description\":\"\",\"publisher\":{\"@id\":\"https:\/\/rlm-roller.fr\/#organization\"},\"potentialAction\":[{\"@type\":\"SearchAction\",\"target\":{\"@type\":\"EntryPoint\",\"urlTemplate\":\"https:\/\/rlm-roller.fr\/?s={search_term_string}\"},\"query-input\":{\"@type\":\"PropertyValueSpecification\",\"valueRequired\":true,\"valueName\":\"search_term_string\"}}],\"inLanguage\":\"fr-FR\"},{\"@type\":\"Organization\",\"@id\":\"https:\/\/rlm-roller.fr\/#organization\",\"name\":\"RLM\",\"url\":\"https:\/\/rlm-roller.fr\/\",\"logo\":{\"@type\":\"ImageObject\",\"inLanguage\":\"fr-FR\",\"@id\":\"https:\/\/rlm-roller.fr\/#\/schema\/logo\/image\/\",\"url\":\"https:\/\/rlm-roller.fr\/wp-content\/uploads\/2020\/05\/Header.jpg\",\"contentUrl\":\"https:\/\/rlm-roller.fr\/wp-content\/uploads\/2020\/05\/Header.jpg\",\"width\":1874,\"height\":260,\"caption\":\"RLM\"},\"image\":{\"@id\":\"https:\/\/rlm-roller.fr\/#\/schema\/logo\/image\/\"},\"sameAs\":[\"https:\/\/www.facebook.com\/Roller-Lattes-Montpellier-Montpellier-Inline-518973251774328\"]}]}<\/script>\n<!-- \/ Yoast SEO plugin. -->","yoast_head_json":{"title":"Tarifs - Roller Lattes Montpellier","robots":{"index":"index","follow":"follow","max-snippet":"max-snippet:-1","max-image-preview":"max-image-preview:large","max-video-preview":"max-video-preview:-1"},"canonical":"https:\/\/rlm-roller.fr\/index.php\/tarifs\/","og_locale":"fr_FR","og_type":"article","og_title":"Tarifs - Roller Lattes Montpellier","og_description":"Saison sportive du 1er septembre 2025 au 31 ao\u00fbt 2026 Cotisation normale R\u00e9ductions Modes de paiement A quoi sert la cotisation ? La cotisation comprend&nbsp; : Les frais\u00a0factur\u00e9s par\u00a0la FFRS repr\u00e9sentent une part tr\u00e8s importante de la cotisation (47.83\u20ac pour les 13 ans et plus ; 26.03\u20ac pour les 6-12 ans). Le reliquat sert \u00e0 [&hellip;]","og_url":"https:\/\/rlm-roller.fr\/index.php\/tarifs\/","og_site_name":"Roller Lattes Montpellier","article_publisher":"https:\/\/www.facebook.com\/Roller-Lattes-Montpellier-Montpellier-Inline-518973251774328","article_modified_time":"2025-08-31T14:42:38+00:00","twitter_card":"summary_large_image","twitter_misc":{"Dur\u00e9e de lecture estim\u00e9e":"2 minutes"},"schema":{"@context":"https:\/\/schema.org","@graph":[{"@type":"WebPage","@id":"https:\/\/rlm-roller.fr\/index.php\/tarifs\/","url":"https:\/\/rlm-roller.fr\/index.php\/tarifs\/","name":"Tarifs - Roller Lattes Montpellier","isPartOf":{"@id":"https:\/\/rlm-roller.fr\/#website"},"datePublished":"2020-04-27T06:54:44+00:00","dateModified":"2025-08-31T14:42:38+00:00","breadcrumb":{"@id":"https:\/\/rlm-roller.fr\/index.php\/tarifs\/#breadcrumb"},"inLanguage":"fr-FR","potentialAction":[{"@type":"ReadAction","target":["https:\/\/rlm-roller.fr\/index.php\/tarifs\/"]}]},{"@type":"BreadcrumbList","@id":"https:\/\/rlm-roller.fr\/index.php\/tarifs\/#breadcrumb","itemListElement":[{"@type":"ListItem","position":1,"name":"Accueil","item":"https:\/\/rlm-roller.fr\/"},{"@type":"ListItem","position":2,"name":"Tarifs"}]},{"@type":"WebSite","@id":"https:\/\/rlm-roller.fr\/#website","url":"https:\/\/rlm-roller.fr\/","name":"Roller Lattes Montpellier","description":"","publisher":{"@id":"https:\/\/rlm-roller.fr\/#organization"},"potentialAction":[{"@type":"SearchAction","target":{"@type":"EntryPoint","urlTemplate":"https:\/\/rlm-roller.fr\/?s={search_term_string}"},"query-input":{"@type":"PropertyValueSpecification","valueRequired":true,"valueName":"search_term_string"}}],"inLanguage":"fr-FR"},{"@type":"Organization","@id":"https:\/\/rlm-roller.fr\/#organization","name":"RLM","url":"https:\/\/rlm-roller.fr\/","logo":{"@type":"ImageObject","inLanguage":"fr-FR","@id":"https:\/\/rlm-roller.fr\/#\/schema\/logo\/image\/","url":"https:\/\/rlm-roller.fr\/wp-content\/uploads\/2020\/05\/Header.jpg","contentUrl":"https:\/\/rlm-roller.fr\/wp-content\/uploads\/2020\/05\/Header.jpg","width":1874,"height":260,"caption":"RLM"},"image":{"@id":"https:\/\/rlm-roller.fr\/#\/schema\/logo\/image\/"},"sameAs":["https:\/\/www.facebook.com\/Roller-Lattes-Montpellier-Montpellier-Inline-518973251774328"]}]}},"_links":{"self":[{"href":"https:\/\/rlm-roller.fr\/index.php\/wp-json\/wp\/v2\/pages\/124","targetHints":{"allow":["GET"]}}],"collection":[{"href":"https:\/\/rlm-roller.fr\/index.php\/wp-json\/wp\/v2\/pages"}],"about":[{"href":"https:\/\/rlm-roller.fr\/index.php\/wp-json\/wp\/v2\/types\/page"}],"author":[{"embeddable":true,"href":"https:\/\/rlm-roller.fr\/index.php\/wp-json\/wp\/v2\/users\/1"}],"replies":[{"embeddable":true,"href":"https:\/\/rlm-roller.fr\/index.php\/wp-json\/wp\/v2\/comments?post=124"}],"version-history":[{"count":70,"href":"https:\/\/rlm-roller.fr\/index.php\/wp-json\/wp\/v2\/pages\/124\/revisions"}],"predecessor-version":[{"id":1102,"href":"https:\/\/rlm-roller.fr\/index.php\/wp-json\/wp\/v2\/pages\/124\/revisions\/1102"}],"wp:attachment":[{"href":"https:\/\/rlm-roller.fr\/index.php\/wp-json\/wp\/v2\/media?parent=124"}],"curies":[{"name":"wp","href":"https:\/\/api.w.org\/{rel}","templated":true}]}}