{"id":10,"date":"2020-04-23T11:55:15","date_gmt":"2020-04-23T09:55:15","guid":{"rendered":"http:\/\/mwagcjp.cluster029.hosting.ovh.net\/?page_id=10"},"modified":"2023-02-17T11:08:23","modified_gmt":"2023-02-17T10:08:23","slug":"contact","status":"publish","type":"page","link":"https:\/\/rlm-roller.fr\/index.php\/contact\/","title":{"rendered":"Contact &#038; acc\u00e8s"},"content":{"rendered":"\n<h3 class=\"has-text-align-center wp-block-heading\"><strong><span style=\"color:#313131\" class=\"has-inline-color\">Pour toute question n&rsquo;h\u00e9sitez pas \u00e0 nous contacter<\/span><\/strong><\/h3>\n\n\n\n\n<div class=\"wpcf7 no-js\" id=\"wpcf7-f559-o1\" lang=\"fr-FR\" dir=\"ltr\">\n<div class=\"screen-reader-response\"><p role=\"status\" aria-live=\"polite\" aria-atomic=\"true\"><\/p> <ul><\/ul><\/div>\n<form action=\"\/index.php\/wp-json\/wp\/v2\/pages\/10#wpcf7-f559-o1\" method=\"post\" class=\"wpcf7-form init\" aria-label=\"Formulaire de contact\" novalidate=\"novalidate\" data-status=\"init\">\n<div style=\"display: none;\">\n<input type=\"hidden\" name=\"_wpcf7\" value=\"559\" \/>\n<input type=\"hidden\" name=\"_wpcf7_version\" value=\"5.7.7\" \/>\n<input type=\"hidden\" name=\"_wpcf7_locale\" value=\"fr_FR\" \/>\n<input type=\"hidden\" name=\"_wpcf7_unit_tag\" value=\"wpcf7-f559-o1\" \/>\n<input type=\"hidden\" name=\"_wpcf7_container_post\" value=\"0\" \/>\n<input type=\"hidden\" name=\"_wpcf7_posted_data_hash\" value=\"\" \/>\n<input type=\"hidden\" name=\"_wpcf7_recaptcha_response\" value=\"\" \/>\n<\/div>\n<p><label> Votre nom (obligatoire)<br \/>\n<span class=\"wpcf7-form-control-wrap\" data-name=\"your-name\"><input size=\"40\" class=\"wpcf7-form-control wpcf7-text wpcf7-validates-as-required\" aria-required=\"true\" aria-invalid=\"false\" value=\"\" type=\"text\" name=\"your-name\" \/><\/span> <\/label>\n<\/p>\n<p><label> Votre adresse de messagerie (obligatoire)<br \/>\n<span class=\"wpcf7-form-control-wrap\" data-name=\"your-email\"><input size=\"40\" class=\"wpcf7-form-control wpcf7-text wpcf7-email wpcf7-validates-as-required wpcf7-validates-as-email\" aria-required=\"true\" aria-invalid=\"false\" value=\"\" type=\"email\" name=\"your-email\" \/><\/span> <\/label>\n<\/p>\n<p><label> Objet<br \/>\n<span class=\"wpcf7-form-control-wrap\" data-name=\"your-subject\"><input size=\"40\" class=\"wpcf7-form-control wpcf7-text\" aria-invalid=\"false\" value=\"\" type=\"text\" name=\"your-subject\" \/><\/span> <\/label>\n<\/p>\n<p><label> Votre message<br \/>\n<span class=\"wpcf7-form-control-wrap\" data-name=\"your-message\"><textarea cols=\"40\" rows=\"10\" class=\"wpcf7-form-control wpcf7-textarea\" aria-invalid=\"false\" name=\"your-message\"><\/textarea><\/span> <\/label>\n<\/p>\n<p><input class=\"wpcf7-form-control has-spinner wpcf7-submit\" type=\"submit\" value=\"Envoyer\" \/>\n<\/p><div class=\"wpcf7-response-output\" aria-hidden=\"true\"><\/div>\n<\/form>\n<\/div>\n\n\n\n\n<p>ou venir nous retrouver au gymnase <strong>Georges Brassens<\/strong>\u00a0\u00e0\u00a0<strong>Lattes<\/strong><\/p>\n\n\n\n<iframe loading=\"lazy\" src=\"https:\/\/www.google.com\/maps\/embed?pb=!1m18!1m12!1m3!1d2890.905251220751!2d3.8962928150252094!3d43.56685736602854!2m3!1f0!2f0!3f0!3m2!1i1024!2i768!4f13.1!3m3!1m2!1s0x12b6b0037f342a2f%3A0x8ad2b1b5ca73dd24!2s161%20Impasse%20des%20Roseli%C3%A8res%2C%2034970%20Lattes!5e0!3m2!1sfr!2sfr!4v1588500396987!5m2!1sfr!2sfr\" width=\"600\" height=\"450\" frameborder=\"0\" style=\"border:0;\" allowfullscreen=\"\" aria-hidden=\"false\" tabindex=\"0\"><\/iframe>\n","protected":false},"excerpt":{"rendered":"<p>Pour toute question n&rsquo;h\u00e9sitez pas \u00e0 nous contacter ou venir nous retrouver au gymnase Georges Brassens\u00a0\u00e0\u00a0Lattes<\/p>\n","protected":false},"author":1,"featured_media":0,"parent":0,"menu_order":0,"comment_status":"closed","ping_status":"closed","template":"","meta":{"footnotes":""},"class_list":["post-10","page","type-page","status-publish","hentry"],"yoast_head":"<!-- This site is optimized with the Yoast SEO plugin v24.3 - https:\/\/yoast.com\/wordpress\/plugins\/seo\/ -->\n<title>Contact &amp; acc\u00e8s - Roller Lattes Montpellier<\/title>\n<meta name=\"robots\" content=\"index, follow, max-snippet:-1, max-image-preview:large, max-video-preview:-1\" \/>\n<link rel=\"canonical\" href=\"https:\/\/rlm-roller.fr\/index.php\/contact\/\" \/>\n<meta property=\"og:locale\" content=\"fr_FR\" \/>\n<meta property=\"og:type\" content=\"article\" \/>\n<meta property=\"og:title\" content=\"Contact &amp; acc\u00e8s - Roller Lattes Montpellier\" \/>\n<meta property=\"og:description\" content=\"Pour toute question n&rsquo;h\u00e9sitez pas \u00e0 nous contacter ou venir nous retrouver au gymnase Georges Brassens\u00a0\u00e0\u00a0Lattes\" \/>\n<meta property=\"og:url\" content=\"https:\/\/rlm-roller.fr\/index.php\/contact\/\" \/>\n<meta property=\"og:site_name\" content=\"Roller Lattes Montpellier\" \/>\n<meta property=\"article:publisher\" content=\"https:\/\/www.facebook.com\/Roller-Lattes-Montpellier-Montpellier-Inline-518973251774328\" \/>\n<meta property=\"article:modified_time\" content=\"2023-02-17T10:08:23+00:00\" \/>\n<meta name=\"twitter:card\" content=\"summary_large_image\" \/>\n<meta name=\"twitter:label1\" content=\"Dur\u00e9e de lecture estim\u00e9e\" \/>\n\t<meta name=\"twitter:data1\" content=\"1 minute\" \/>\n<script type=\"application\/ld+json\" class=\"yoast-schema-graph\">{\"@context\":\"https:\/\/schema.org\",\"@graph\":[{\"@type\":\"WebPage\",\"@id\":\"https:\/\/rlm-roller.fr\/index.php\/contact\/\",\"url\":\"https:\/\/rlm-roller.fr\/index.php\/contact\/\",\"name\":\"Contact & acc\u00e8s - Roller Lattes Montpellier\",\"isPartOf\":{\"@id\":\"https:\/\/rlm-roller.fr\/#website\"},\"datePublished\":\"2020-04-23T09:55:15+00:00\",\"dateModified\":\"2023-02-17T10:08:23+00:00\",\"breadcrumb\":{\"@id\":\"https:\/\/rlm-roller.fr\/index.php\/contact\/#breadcrumb\"},\"inLanguage\":\"fr-FR\",\"potentialAction\":[{\"@type\":\"ReadAction\",\"target\":[\"https:\/\/rlm-roller.fr\/index.php\/contact\/\"]}]},{\"@type\":\"BreadcrumbList\",\"@id\":\"https:\/\/rlm-roller.fr\/index.php\/contact\/#breadcrumb\",\"itemListElement\":[{\"@type\":\"ListItem\",\"position\":1,\"name\":\"Accueil\",\"item\":\"https:\/\/rlm-roller.fr\/\"},{\"@type\":\"ListItem\",\"position\":2,\"name\":\"Contact &#038; acc\u00e8s\"}]},{\"@type\":\"WebSite\",\"@id\":\"https:\/\/rlm-roller.fr\/#website\",\"url\":\"https:\/\/rlm-roller.fr\/\",\"name\":\"Roller Lattes Montpellier\",\"description\":\"\",\"publisher\":{\"@id\":\"https:\/\/rlm-roller.fr\/#organization\"},\"potentialAction\":[{\"@type\":\"SearchAction\",\"target\":{\"@type\":\"EntryPoint\",\"urlTemplate\":\"https:\/\/rlm-roller.fr\/?s={search_term_string}\"},\"query-input\":{\"@type\":\"PropertyValueSpecification\",\"valueRequired\":true,\"valueName\":\"search_term_string\"}}],\"inLanguage\":\"fr-FR\"},{\"@type\":\"Organization\",\"@id\":\"https:\/\/rlm-roller.fr\/#organization\",\"name\":\"RLM\",\"url\":\"https:\/\/rlm-roller.fr\/\",\"logo\":{\"@type\":\"ImageObject\",\"inLanguage\":\"fr-FR\",\"@id\":\"https:\/\/rlm-roller.fr\/#\/schema\/logo\/image\/\",\"url\":\"https:\/\/rlm-roller.fr\/wp-content\/uploads\/2020\/05\/Header.jpg\",\"contentUrl\":\"https:\/\/rlm-roller.fr\/wp-content\/uploads\/2020\/05\/Header.jpg\",\"width\":1874,\"height\":260,\"caption\":\"RLM\"},\"image\":{\"@id\":\"https:\/\/rlm-roller.fr\/#\/schema\/logo\/image\/\"},\"sameAs\":[\"https:\/\/www.facebook.com\/Roller-Lattes-Montpellier-Montpellier-Inline-518973251774328\"]}]}<\/script>\n<!-- \/ Yoast SEO plugin. -->","yoast_head_json":{"title":"Contact & acc\u00e8s - Roller Lattes Montpellier","robots":{"index":"index","follow":"follow","max-snippet":"max-snippet:-1","max-image-preview":"max-image-preview:large","max-video-preview":"max-video-preview:-1"},"canonical":"https:\/\/rlm-roller.fr\/index.php\/contact\/","og_locale":"fr_FR","og_type":"article","og_title":"Contact & acc\u00e8s - Roller Lattes Montpellier","og_description":"Pour toute question n&rsquo;h\u00e9sitez pas \u00e0 nous contacter ou venir nous retrouver au gymnase Georges Brassens\u00a0\u00e0\u00a0Lattes","og_url":"https:\/\/rlm-roller.fr\/index.php\/contact\/","og_site_name":"Roller Lattes Montpellier","article_publisher":"https:\/\/www.facebook.com\/Roller-Lattes-Montpellier-Montpellier-Inline-518973251774328","article_modified_time":"2023-02-17T10:08:23+00:00","twitter_card":"summary_large_image","twitter_misc":{"Dur\u00e9e de lecture estim\u00e9e":"1 minute"},"schema":{"@context":"https:\/\/schema.org","@graph":[{"@type":"WebPage","@id":"https:\/\/rlm-roller.fr\/index.php\/contact\/","url":"https:\/\/rlm-roller.fr\/index.php\/contact\/","name":"Contact & acc\u00e8s - Roller Lattes Montpellier","isPartOf":{"@id":"https:\/\/rlm-roller.fr\/#website"},"datePublished":"2020-04-23T09:55:15+00:00","dateModified":"2023-02-17T10:08:23+00:00","breadcrumb":{"@id":"https:\/\/rlm-roller.fr\/index.php\/contact\/#breadcrumb"},"inLanguage":"fr-FR","potentialAction":[{"@type":"ReadAction","target":["https:\/\/rlm-roller.fr\/index.php\/contact\/"]}]},{"@type":"BreadcrumbList","@id":"https:\/\/rlm-roller.fr\/index.php\/contact\/#breadcrumb","itemListElement":[{"@type":"ListItem","position":1,"name":"Accueil","item":"https:\/\/rlm-roller.fr\/"},{"@type":"ListItem","position":2,"name":"Contact &#038; acc\u00e8s"}]},{"@type":"WebSite","@id":"https:\/\/rlm-roller.fr\/#website","url":"https:\/\/rlm-roller.fr\/","name":"Roller Lattes Montpellier","description":"","publisher":{"@id":"https:\/\/rlm-roller.fr\/#organization"},"potentialAction":[{"@type":"SearchAction","target":{"@type":"EntryPoint","urlTemplate":"https:\/\/rlm-roller.fr\/?s={search_term_string}"},"query-input":{"@type":"PropertyValueSpecification","valueRequired":true,"valueName":"search_term_string"}}],"inLanguage":"fr-FR"},{"@type":"Organization","@id":"https:\/\/rlm-roller.fr\/#organization","name":"RLM","url":"https:\/\/rlm-roller.fr\/","logo":{"@type":"ImageObject","inLanguage":"fr-FR","@id":"https:\/\/rlm-roller.fr\/#\/schema\/logo\/image\/","url":"https:\/\/rlm-roller.fr\/wp-content\/uploads\/2020\/05\/Header.jpg","contentUrl":"https:\/\/rlm-roller.fr\/wp-content\/uploads\/2020\/05\/Header.jpg","width":1874,"height":260,"caption":"RLM"},"image":{"@id":"https:\/\/rlm-roller.fr\/#\/schema\/logo\/image\/"},"sameAs":["https:\/\/www.facebook.com\/Roller-Lattes-Montpellier-Montpellier-Inline-518973251774328"]}]}},"_links":{"self":[{"href":"https:\/\/rlm-roller.fr\/index.php\/wp-json\/wp\/v2\/pages\/10","targetHints":{"allow":["GET"]}}],"collection":[{"href":"https:\/\/rlm-roller.fr\/index.php\/wp-json\/wp\/v2\/pages"}],"about":[{"href":"https:\/\/rlm-roller.fr\/index.php\/wp-json\/wp\/v2\/types\/page"}],"author":[{"embeddable":true,"href":"https:\/\/rlm-roller.fr\/index.php\/wp-json\/wp\/v2\/users\/1"}],"replies":[{"embeddable":true,"href":"https:\/\/rlm-roller.fr\/index.php\/wp-json\/wp\/v2\/comments?post=10"}],"version-history":[{"count":17,"href":"https:\/\/rlm-roller.fr\/index.php\/wp-json\/wp\/v2\/pages\/10\/revisions"}],"predecessor-version":[{"id":977,"href":"https:\/\/rlm-roller.fr\/index.php\/wp-json\/wp\/v2\/pages\/10\/revisions\/977"}],"wp:attachment":[{"href":"https:\/\/rlm-roller.fr\/index.php\/wp-json\/wp\/v2\/media?parent=10"}],"curies":[{"name":"wp","href":"https:\/\/api.w.org\/{rel}","templated":true}]}}